{"id":336,"date":"2018-10-11T13:33:52","date_gmt":"2018-10-11T13:33:52","guid":{"rendered":"http:\/\/www.interplex.ca\/residentiel\/?page_id=336"},"modified":"2025-02-19T12:37:24","modified_gmt":"2025-02-19T16:37:24","slug":"espace-client","status":"publish","type":"page","link":"https:\/\/www.interplex.ca\/residentiel\/espace-client\/","title":{"rendered":"Espace client"},"content":{"rendered":"<div class=\"wpb-content-wrapper\"><div data-vc-full-width=\"true\" data-vc-full-width-init=\"false\" class=\"vc_row wpb_row vc_row-fluid overlay_light vc_custom_1539963213812 vc_row-has-fill\"><div class=\"wpb_column vc_column_container vc_col-sm-12\"><div class=\"vc_column-inner vc_custom_1538426342401\"><div class=\"wpb_wrapper\">\n<div class=\"graph_titre left\">\n    <h1 style=\"color:#ffffff\">Espace client<\/h1><\/div><\/div><\/div><\/div><\/div><div class=\"vc_row-full-width vc_clearfix\"><\/div><div data-vc-full-width=\"true\" data-vc-full-width-init=\"false\" class=\"vc_row wpb_row vc_row-fluid vc_custom_1538166423498\"><div class=\"wpb_column vc_column_container vc_col-sm-12\"><div class=\"vc_column-inner vc_custom_1538143909167\"><div class=\"wpb_wrapper\">\n<div class=\"graph_titre center\">\n    <h2 style=\"color:#4cabe9\">Connexion<\/h2><\/div><form name=\"fLogin\" method=\"post\" action=\"https:\/\/secure.interplex.ca\/interplex-libreservice\/\" id=\"fLogin\">\n        <input type=\"hidden\" name=\"a\" value=\"checkuserlogin\">\n        <input type=\"hidden\" name=\"ajax\" value=\"1\">\n    <div class=\"nom_utilisateur\">\n        <label for=\"login_username\">Courriel<\/label>\n        <input class=\"input_separateur\" type=\"text\" name=\"login_username\" id=\"input_text_utilisateur\" required autocomplete=\"off\">\n    <\/div>\n\n    <div class=\"mot_de_passe\">\n        <label for=\"login_password\">Mot de passe<\/label>\n        <input class=\"input_separateur\" type=\"password\" name=\"login_password\" id=\"input_text_motdepasse\" required autocomplete=\"off\">\n    <\/div>\n\n    <p class=\"mot_de_passe_oublie\"><a id=\"motdepasseoubli\" class=\"motdepasse\" href=\"https:\/\/secure.interplex.ca\/interplex-libreservice\/?menu=forgottenpassword\">Mot de passe oubli\u00e9 ?<\/a> Contactez notre assistance technique.<\/p>\n\n    <input id=\"loginsubmit\" type=\"submit\" value=\"Se connecter\">\n<\/form>\n<\/div><\/div><\/div><\/div><div class=\"vc_row-full-width vc_clearfix\"><\/div><div id=\"section_contact\" data-vc-full-width=\"true\" data-vc-full-width-init=\"false\" class=\"vc_row wpb_row vc_row-fluid vc_custom_1539963234196 vc_row-has-fill\"><div class=\"wpb_column vc_column_container vc_col-sm-4\"><div class=\"vc_column-inner vc_custom_1538062229915\"><div class=\"wpb_wrapper\">\n<div class=\"graph_titre left vc_custom_1538166602181\">\n    <h3 style=\"color:#4cabe9\">Pour toutes informations<\/h3><\/div>\n\t<div class=\"wpb_text_column wpb_content_element alt_text_color\" >\n\t\t<div class=\"wpb_wrapper\">\n\t\t\t<p>Nous sommes \u00e0 votre \u00e9coute!<\/p>\n\n\t\t<\/div>\n\t<\/div>\n<\/div><\/div><\/div><div class=\"wpb_column vc_column_container vc_col-sm-8\"><div class=\"vc_column-inner vc_custom_1538166496337\"><div class=\"wpb_wrapper\"><div class=\"vc_row wpb_row vc_inner vc_row-fluid\"><div class=\"wpb_column vc_column_container vc_col-sm-6\"><div class=\"vc_column-inner\"><div class=\"wpb_wrapper\">\n<div class=\"graph_icon_info light\">\n            <i class=\"fal fa-map-marker-alt\"><\/i>\n            <p>Interplex T\u00e9l\u00e9com Inc<br \/>\n155, Grande All\u00e9e Est B-100<br \/>\nQu\u00e9bec (QC) G1R 0C6<\/p>\n<\/div>\n\n<\/div><\/div><\/div><div class=\"wpb_column vc_column_container vc_col-sm-6\"><div class=\"vc_column-inner\"><div class=\"wpb_wrapper\">\n<div class=\"graph_icon_info light\">\n            <i class=\"fal fa-phone\"><\/i>\n            <p>418 780-3080<\/p>\n<\/div>\n\n<div class=\"vc_empty_space\"   style=\"height: 10px\"><span class=\"vc_empty_space_inner\"><\/span><\/div><\/div><\/div><\/div><\/div><div class=\"vc_row wpb_row vc_inner vc_row-fluid type_contact vc_custom_1538062267867\"><div class=\"wpb_column vc_column_container vc_col-sm-6 vc_col-has-fill\"><div class=\"vc_column-inner vc_custom_1538061843566\"><div class=\"wpb_wrapper\">\n<div class=\"graph_titre left vc_custom_1538060827636\">\n    <h4 style=\"color:#ffffff\">Assistance technique<\/h4><\/div>\n<div class=\"graph_icon_info light\">\n            <i class=\"fal fa-at\"><\/i>\n            <p><a href=\"mailto:support@interplex.ca\">support@interplex.ca<\/a><\/p>\n<\/div>\n\n<\/div><\/div><\/div><div class=\"wpb_column vc_column_container vc_col-sm-6 vc_col-has-fill\"><div class=\"vc_column-inner vc_custom_1538061848715\"><div class=\"wpb_wrapper\">\n<div class=\"graph_titre left vc_custom_1538060838578\">\n    <h4 style=\"color:#ffffff\">Demande d'informations<\/h4><\/div>\n<div class=\"graph_icon_info light\">\n            <i class=\"fal fa-at\"><\/i>\n            <p><a href=\"mailto:vente@interplex.ca\">vente@interplex.ca<\/a><\/p>\n<\/div>\n\n<\/div><\/div><\/div><\/div><\/div><\/div><\/div><\/div><div class=\"vc_row-full-width vc_clearfix\"><\/div>\n<\/div>","protected":false},"excerpt":{"rendered":"Espace client Connexion Courriel Mot de passe Mot de passe oubli\u00e9 ? Contactez notre assistance technique. Pour toutes informations Nous sommes \u00e0 votre \u00e9coute! Interplex T\u00e9l\u00e9com Inc 155, Grande All\u00e9e Est B-100 Qu\u00e9bec (QC) G1R 0C6 418 780-3080 Assistance technique support@interplex.ca Demande d'informations vente@interplex.ca","protected":false},"author":1,"featured_media":348,"parent":0,"menu_order":0,"comment_status":"closed","ping_status":"open","template":"","meta":{"footnotes":""},"class_list":["post-336","page","type-page","status-publish","has-post-thumbnail","hentry"],"_links":{"self":[{"href":"https:\/\/www.interplex.ca\/residentiel\/wp-json\/wp\/v2\/pages\/336","targetHints":{"allow":["GET"]}}],"collection":[{"href":"https:\/\/www.interplex.ca\/residentiel\/wp-json\/wp\/v2\/pages"}],"about":[{"href":"https:\/\/www.interplex.ca\/residentiel\/wp-json\/wp\/v2\/types\/page"}],"author":[{"embeddable":true,"href":"https:\/\/www.interplex.ca\/residentiel\/wp-json\/wp\/v2\/users\/1"}],"replies":[{"embeddable":true,"href":"https:\/\/www.interplex.ca\/residentiel\/wp-json\/wp\/v2\/comments?post=336"}],"version-history":[{"count":7,"href":"https:\/\/www.interplex.ca\/residentiel\/wp-json\/wp\/v2\/pages\/336\/revisions"}],"predecessor-version":[{"id":585,"href":"https:\/\/www.interplex.ca\/residentiel\/wp-json\/wp\/v2\/pages\/336\/revisions\/585"}],"wp:featuredmedia":[{"embeddable":true,"href":"https:\/\/www.interplex.ca\/residentiel\/wp-json\/wp\/v2\/media\/348"}],"wp:attachment":[{"href":"https:\/\/www.interplex.ca\/residentiel\/wp-json\/wp\/v2\/media?parent=336"}],"curies":[{"name":"wp","href":"https:\/\/api.w.org\/{rel}","templated":true}]}}