{"id":181,"date":"2018-10-01T13:11:17","date_gmt":"2018-10-01T13:11:17","guid":{"rendered":"http:\/\/www.interplex.ca\/residentiel\/?page_id=181"},"modified":"2025-10-17T14:25:17","modified_gmt":"2025-10-17T18:25:17","slug":"services","status":"publish","type":"page","link":"https:\/\/www.interplex.ca\/residentiel\/services\/","title":{"rendered":"Services"},"content":{"rendered":"<div class=\"wpb-content-wrapper\"><div data-vc-full-width=\"true\" data-vc-full-width-init=\"false\" class=\"vc_row wpb_row vc_row-fluid overlay_light vc_custom_1539963045101 vc_row-has-fill\"><div class=\"wpb_column vc_column_container vc_col-sm-12\"><div class=\"vc_column-inner vc_custom_1538426199898\"><div class=\"wpb_wrapper\">\n<div class=\"graph_titre left\">\n    <h1 style=\"color:#ffffff\">Services<\/h1><\/div><\/div><\/div><\/div><\/div><div class=\"vc_row-full-width vc_clearfix\"><\/div><div data-vc-full-width=\"true\" data-vc-full-width-init=\"false\" class=\"vc_row wpb_row vc_row-fluid pattern_blue vc_custom_1538423248138 vc_row-has-fill\"><div class=\"wpb_column vc_column_container vc_col-sm-12\"><div class=\"vc_column-inner vc_custom_1538143909167\"><div class=\"wpb_wrapper\">\n<div class=\"graph_titre center\">\n    <h2 style=\"color:#ffffff\">Trio Maxi<\/h2><\/div><\/div><\/div><\/div><\/div><div class=\"vc_row-full-width vc_clearfix\"><\/div><div id=\"abonnement\" data-vc-full-width=\"true\" data-vc-full-width-init=\"false\" data-vc-stretch-content=\"true\" class=\"vc_row wpb_row vc_row-fluid alt_text_color vc_row-no-padding\"><div class=\"wpb_column vc_column_container vc_col-sm-12\"><div class=\"vc_column-inner vc_custom_1538402938719\"><div class=\"wpb_wrapper\"><div class=\"interplex_abonnement\">\n    <div class=\"container\">\n        <div class=\"graph_cta\">\n            <a href=\"https:\/\/secure.interplex.ca\/interplex-subscription\/?p=home&menu=getpostalcode\" target=\"_blank\">S'abonner maintenant!<\/a>\n        <\/div>\n    <\/div>\n<\/div><\/div><\/div><\/div><\/div><div class=\"vc_row-full-width vc_clearfix\"><\/div><div id=\"forfaits_trio\" data-vc-full-width=\"true\" data-vc-full-width-init=\"false\" class=\"vc_row wpb_row vc_row-fluid overlay vc_custom_1538499770957 vc_row-has-fill\"><div class=\"wpb_column vc_column_container vc_col-sm-12\"><div class=\"vc_column-inner vc_custom_1538400066314\"><div class=\"wpb_wrapper\"><div class=\"vc_row wpb_row vc_inner vc_row-fluid list vc_column-gap-20 vc_row-o-equal-height vc_row-flex\"><div class=\"wpb_column vc_column_container vc_col-sm-6 vc_col-has-fill\"><div class=\"vc_column-inner vc_custom_1677521478377\"><div class=\"wpb_wrapper\">\n<div class=\"graph_titre left vc_custom_1677521417854\">\n    <h4 style=\"color:#ffffff\">Trio maxi<\/h4><\/div>\n<div class=\"graph_titre left vc_custom_1561572566073\">\n    <h3 style=\"color:#ffffff\">IPX 15 HD<\/h3><\/div>\n    <div class=\"graph_prix tableau trio vc_custom_1692978859633\">\n            <div class=\"prix_actuel\">\n            <p class=\"nombre\">77<\/p>\n            <div>\n                <p class=\"nombre_decimal\">97 <i class=\"fal fa-dollar-sign\"><\/i><\/p>\n                <p class=\"par_mois\">\/mois<\/p>\n            <\/div>\n        <\/div>\n    <\/div>\n\t<div class=\"wpb_text_column wpb_content_element vc_custom_1583939632069\" >\n\t\t<div class=\"wpb_wrapper\">\n\t\t\t<ul>\n<li><strong>Internet 15 Mbits\/s illimit\u00e9<br \/>\n<\/strong><\/li>\n<li>T\u00e9l\u00e9phone<\/li>\n<li>TV interplex<\/li>\n<\/ul>\n\n\t\t<\/div>\n\t<\/div>\n<\/div><\/div><\/div><div class=\"wpb_column vc_column_container vc_col-sm-6 vc_col-has-fill\"><div class=\"vc_column-inner vc_custom_1677521485179\"><div class=\"wpb_wrapper\">\n<div class=\"graph_titre left vc_custom_1677521424994\">\n    <h4 style=\"color:#ffffff\">Trio maxi<\/h4><\/div>\n<div class=\"graph_titre left vc_custom_1692978984368\">\n    <h3 style=\"color:#ffffff\">IPX 60 HD<\/h3><\/div>\n    <div class=\"graph_prix tableau trio vc_custom_1692978878766\">\n            <div class=\"prix_actuel\">\n            <p class=\"nombre\">83<\/p>\n            <div>\n                <p class=\"nombre_decimal\">97 <i class=\"fal fa-dollar-sign\"><\/i><\/p>\n                <p class=\"par_mois\">\/mois<\/p>\n            <\/div>\n        <\/div>\n    <\/div>\n\t<div class=\"wpb_text_column wpb_content_element vc_custom_1692978841466\" >\n\t\t<div class=\"wpb_wrapper\">\n\t\t\t<ul>\n<li><strong>Internet 60 Mbits\/s illimit\u00e9<br \/>\n<\/strong><\/li>\n<li>T\u00e9l\u00e9phone<\/li>\n<li>TV interplex<\/li>\n<\/ul>\n\n\t\t<\/div>\n\t<\/div>\n<\/div><\/div><\/div><\/div><div class=\"vc_row wpb_row vc_inner vc_row-fluid list vc_column-gap-20 vc_row-o-equal-height vc_row-flex\"><div class=\"wpb_column vc_column_container vc_col-sm-6 vc_col-has-fill\"><div class=\"vc_column-inner vc_custom_1677521498122\"><div class=\"wpb_wrapper\">\n<div class=\"graph_titre left vc_custom_1677521441463\">\n    <h4 style=\"color:#ffffff\">Trio maxi<\/h4><\/div>\n<div class=\"graph_titre left vc_custom_1583939829432\">\n    <h3 style=\"color:#ffffff\">IPX 100 HD<\/h3><\/div>\n    <div class=\"graph_prix tableau trio vc_custom_1692978889949\">\n            <div class=\"prix_actuel\">\n            <p class=\"nombre\">87<\/p>\n            <div>\n                <p class=\"nombre_decimal\">97 <i class=\"fal fa-dollar-sign\"><\/i><\/p>\n                <p class=\"par_mois\">\/mois<\/p>\n            <\/div>\n        <\/div>\n    <\/div>\n\t<div class=\"wpb_text_column wpb_content_element vc_custom_1583939640377\" >\n\t\t<div class=\"wpb_wrapper\">\n\t\t\t<ul>\n<li><strong>Internet 100 Mbits\/s illimit\u00e9<br \/>\n<\/strong><\/li>\n<li>T\u00e9l\u00e9phone<\/li>\n<li>TV interplex<\/li>\n<\/ul>\n\n\t\t<\/div>\n\t<\/div>\n<\/div><\/div><\/div><div class=\"wpb_column vc_column_container vc_col-sm-6 vc_col-has-fill\"><div class=\"vc_column-inner vc_custom_1677521492306\"><div class=\"wpb_wrapper\">\n<div class=\"graph_titre left vc_custom_1677521433097\">\n    <h4 style=\"color:#ffffff\">Trio maxi<\/h4><\/div>\n<div class=\"graph_titre left vc_custom_1677521383491\">\n    <h3 style=\"color:#ffffff\">IPX 200 HD<\/h3><\/div>\n    <div class=\"graph_prix tableau trio vc_custom_1692978900644\">\n            <div class=\"prix_actuel\">\n            <p class=\"nombre\">93<\/p>\n            <div>\n                <p class=\"nombre_decimal\">97 <i class=\"fal fa-dollar-sign\"><\/i><\/p>\n                <p class=\"par_mois\">\/mois<\/p>\n            <\/div>\n        <\/div>\n    <\/div>\n\t<div class=\"wpb_text_column wpb_content_element vc_custom_1677521360507\" >\n\t\t<div class=\"wpb_wrapper\">\n\t\t\t<ul>\n<li><strong>Internet 200 Mbits\/s illimit\u00e9<br \/>\n<\/strong><\/li>\n<li>T\u00e9l\u00e9phone<\/li>\n<li>TV interplex<\/li>\n<\/ul>\n\n\t\t<\/div>\n\t<\/div>\n<\/div><\/div><\/div><\/div>\n\t<div class=\"wpb_text_column wpb_content_element alt_text_color notes\" >\n\t\t<div class=\"wpb_wrapper\">\n\t\t\t<p>Engagement de 12 mois<br \/>\nRabais trio &#8211; 10$<br \/>\nLocation du d\u00e9codeur \u00e0 5$\/mois<\/p>\n\n\t\t<\/div>\n\t<\/div>\n<\/div><\/div><\/div><\/div><div class=\"vc_row-full-width vc_clearfix\"><\/div><div id=\"autres_forfaits\" data-vc-full-width=\"true\" data-vc-full-width-init=\"false\" class=\"vc_row wpb_row vc_row-fluid vc_custom_1538499891969\"><div class=\"wpb_column vc_column_container vc_col-sm-12\"><div class=\"vc_column-inner vc_custom_1538164216085\"><div class=\"wpb_wrapper\">\n<div class=\"graph_titre center vc_custom_1539262663308\">\n    <h2 style=\"color:#00aeef\">Plusieurs services pour vous satisfaire<\/h2><\/div>\n\t<div class=\"wpb_text_column wpb_content_element vc_custom_1539262603926\" >\n\t\t<div class=\"wpb_wrapper\">\n\t\t\t<p style=\"text-align: center;\">D\u00e9couvrez nos diff\u00e9rents services individuels.<\/p>\n\n\t\t<\/div>\n\t<\/div>\n<div class=\"vc_row wpb_row vc_inner vc_row-fluid\"><div class=\"wpb_column vc_column_container vc_col-sm-4\"><div class=\"vc_column-inner\"><div class=\"wpb_wrapper\">\n    <div class=\"graph_cta center vc_custom_1540819661911\">\n        <a href=\"https:\/\/www.interplex.ca\/residentiel\/services\/television\/\">Service t\u00e9l\u00e9vision<\/a>    <\/div><\/div><\/div><\/div><div class=\"wpb_column vc_column_container vc_col-sm-4\"><div class=\"vc_column-inner\"><div class=\"wpb_wrapper\">\n    <div class=\"graph_cta center vc_custom_1540819668799\">\n        <a href=\"https:\/\/www.interplex.ca\/residentiel\/services\/internet\/\">Service internet<\/a>    <\/div><\/div><\/div><\/div><div class=\"wpb_column vc_column_container vc_col-sm-4\"><div class=\"vc_column-inner\"><div class=\"wpb_wrapper\">\n    <div class=\"graph_cta center vc_custom_1540819676207\">\n        <a href=\"https:\/\/www.interplex.ca\/residentiel\/services\/telephone\/\">Services t\u00e9l\u00e9phone<\/a>    <\/div><\/div><\/div><\/div><\/div><\/div><\/div><\/div><\/div><div class=\"vc_row-full-width vc_clearfix\"><\/div><div id=\"section_contact\" data-vc-full-width=\"true\" data-vc-full-width-init=\"false\" class=\"vc_row wpb_row vc_row-fluid vc_custom_1539963065082 vc_row-has-fill\"><div class=\"wpb_column vc_column_container vc_col-sm-4\"><div class=\"vc_column-inner vc_custom_1538062229915\"><div class=\"wpb_wrapper\">\n<div class=\"graph_titre left vc_custom_1538066599842\">\n    <h2 style=\"color:#4cabe9\">Contact<\/h2><\/div>\n\t<div class=\"wpb_text_column wpb_content_element alt_text_color\" >\n\t\t<div class=\"wpb_wrapper\">\n\t\t\t<p>Nous sommes \u00e0 votre \u00e9coute pour toutes informations ou assistance technique.<\/p>\n\n\t\t<\/div>\n\t<\/div>\n\n    <div class=\"graph_cta left vc_custom_1753389825709\">\n        <a href=\"https:\/\/forms.office.com\/r\/awg0kApcQ8\">Contactez-nous<\/a>    <\/div><\/div><\/div><\/div><div class=\"wpb_column vc_column_container vc_col-sm-8\"><div class=\"vc_column-inner vc_custom_1538075415314\"><div class=\"wpb_wrapper\"><div class=\"vc_row wpb_row vc_inner vc_row-fluid\"><div class=\"wpb_column vc_column_container vc_col-sm-6\"><div class=\"vc_column-inner\"><div class=\"wpb_wrapper\">\n<div class=\"graph_icon_info light\">\n            <i class=\"fal fa-map-marker-alt\"><\/i>\n            <p>Interplex T\u00e9l\u00e9com Inc<br \/>\n155, Grande All\u00e9e Est B-100<br \/>\nQu\u00e9bec (QC) G1R 0C6<\/p>\n<\/div>\n\n<\/div><\/div><\/div><div class=\"wpb_column vc_column_container vc_col-sm-6\"><div class=\"vc_column-inner\"><div class=\"wpb_wrapper\">\n<div class=\"graph_icon_info light\">\n            <i class=\"fal fa-phone\"><\/i>\n            <p>418 780-3080<\/p>\n<\/div>\n\n<div class=\"vc_empty_space\"   style=\"height: 10px\"><span class=\"vc_empty_space_inner\"><\/span><\/div>\n<div class=\"graph_icon_info light\">\n            <i class=\"fal fa-fax\"><\/i>\n            <p>418 687-4549<\/p>\n<\/div>\n\n<\/div><\/div><\/div><\/div><div class=\"vc_row wpb_row vc_inner vc_row-fluid type_contact vc_custom_1538062267867\"><div class=\"wpb_column vc_column_container vc_col-sm-6 vc_col-has-fill\"><div class=\"vc_column-inner vc_custom_1538061843566\"><div class=\"wpb_wrapper\">\n<div class=\"graph_titre left vc_custom_1538060827636\">\n    <h4 style=\"color:#ffffff\">Assistance technique<\/h4><\/div>\n<div class=\"graph_icon_info light\">\n            <i class=\"fal fa-at\"><\/i>\n            <p><a href=\"mailto:support@interplex.ca\">support@interplex.ca<\/a><\/p>\n<\/div>\n\n<\/div><\/div><\/div><div class=\"wpb_column vc_column_container vc_col-sm-6 vc_col-has-fill\"><div class=\"vc_column-inner vc_custom_1538061848715\"><div class=\"wpb_wrapper\">\n<div class=\"graph_titre left vc_custom_1538060838578\">\n    <h4 style=\"color:#ffffff\">Demande d'informations<\/h4><\/div>\n<div class=\"graph_icon_info light\">\n            <i class=\"fal fa-at\"><\/i>\n            <p><a href=\"mailto:vente@interplex.ca\">vente@interplex.ca<\/a><\/p>\n<\/div>\n\n<\/div><\/div><\/div><\/div><\/div><\/div><\/div><\/div><div class=\"vc_row-full-width vc_clearfix\"><\/div>\n<\/div>","protected":false},"excerpt":{"rendered":"Services Trio Maxi S'abonner maintenant! Trio maxi IPX 15 HD 77 97 \/mois Internet 15 Mbits\/s illimit\u00e9 T\u00e9l\u00e9phone TV interplex Trio maxi IPX 60 HD 83 97 \/mois Internet 60 Mbits\/s illimit\u00e9 T\u00e9l\u00e9phone TV interplex Trio maxi IPX 100 HD 87 97 \/mois Internet 100 Mbits\/s illimit\u00e9 T\u00e9l\u00e9phone TV interplex Trio maxi IPX 200 HD [...]","protected":false},"author":1,"featured_media":355,"parent":0,"menu_order":0,"comment_status":"closed","ping_status":"open","template":"","meta":{"footnotes":""},"class_list":["post-181","page","type-page","status-publish","has-post-thumbnail","hentry"],"_links":{"self":[{"href":"https:\/\/www.interplex.ca\/residentiel\/wp-json\/wp\/v2\/pages\/181","targetHints":{"allow":["GET"]}}],"collection":[{"href":"https:\/\/www.interplex.ca\/residentiel\/wp-json\/wp\/v2\/pages"}],"about":[{"href":"https:\/\/www.interplex.ca\/residentiel\/wp-json\/wp\/v2\/types\/page"}],"author":[{"embeddable":true,"href":"https:\/\/www.interplex.ca\/residentiel\/wp-json\/wp\/v2\/users\/1"}],"replies":[{"embeddable":true,"href":"https:\/\/www.interplex.ca\/residentiel\/wp-json\/wp\/v2\/comments?post=181"}],"version-history":[{"count":64,"href":"https:\/\/www.interplex.ca\/residentiel\/wp-json\/wp\/v2\/pages\/181\/revisions"}],"predecessor-version":[{"id":613,"href":"https:\/\/www.interplex.ca\/residentiel\/wp-json\/wp\/v2\/pages\/181\/revisions\/613"}],"wp:featuredmedia":[{"embeddable":true,"href":"https:\/\/www.interplex.ca\/residentiel\/wp-json\/wp\/v2\/media\/355"}],"wp:attachment":[{"href":"https:\/\/www.interplex.ca\/residentiel\/wp-json\/wp\/v2\/media?parent=181"}],"curies":[{"name":"wp","href":"https:\/\/api.w.org\/{rel}","templated":true}]}}