{"id":120,"date":"2018-09-28T19:00:42","date_gmt":"2018-09-28T19:00:42","guid":{"rendered":"http:\/\/www.interplex.ca\/residentiel\/?page_id=120"},"modified":"2025-07-24T16:45:27","modified_gmt":"2025-07-24T20:45:27","slug":"a-propos","status":"publish","type":"page","link":"https:\/\/www.interplex.ca\/residentiel\/a-propos\/","title":{"rendered":"\u00c0 propos"},"content":{"rendered":"<div class=\"wpb-content-wrapper\"><div data-vc-full-width=\"true\" data-vc-full-width-init=\"false\" class=\"vc_row wpb_row vc_row-fluid overlay_light vc_custom_1539962983413 vc_row-has-fill\"><div class=\"wpb_column vc_column_container vc_col-sm-12\"><div class=\"vc_column-inner vc_custom_1538426325098\"><div class=\"wpb_wrapper\">\n<div class=\"graph_titre left\">\n    <h1 style=\"color:#ffffff\">\u00c0 propos<\/h1><\/div><\/div><\/div><\/div><\/div><div class=\"vc_row-full-width vc_clearfix\"><\/div><div data-vc-full-width=\"true\" data-vc-full-width-init=\"false\" class=\"vc_row wpb_row vc_row-fluid pattern_blue vc_custom_1538423235539 vc_row-has-fill\"><div class=\"wpb_column vc_column_container vc_col-sm-12\"><div class=\"vc_column-inner vc_custom_1538143909167\"><div class=\"wpb_wrapper\">\n<div class=\"graph_titre center vc_custom_1538160917930\">\n    <h2 style=\"color:#ffffff\">Interplex<\/h2><\/div>\n\t<div class=\"wpb_text_column wpb_content_element alt_text_color\" >\n\t\t<div class=\"wpb_wrapper\">\n\t\t\t<p style=\"text-align: center;\">Interplex T\u00e9l\u00e9com est une compagnie sp\u00e9cialis\u00e9e dans le service de communication aux appartements de grands parcs immobiliers. La mission de l&rsquo;entreprise est de cr\u00e9er et offrir des produits et services de communication et de divertissement simples pour agr\u00e9menter la vie des r\u00e9sidents du march\u00e9 multi-r\u00e9sidentiel.<\/p>\n\n\t\t<\/div>\n\t<\/div>\n<\/div><\/div><\/div><\/div><div class=\"vc_row-full-width vc_clearfix\"><\/div><div data-vc-full-width=\"true\" data-vc-full-width-init=\"false\" data-vc-stretch-content=\"true\" class=\"vc_row wpb_row vc_row-fluid vc_custom_1538164383586 vc_row-has-fill vc_row-no-padding\"><div class=\"wpb_column vc_column_container vc_col-sm-12 vc_col-has-fill\"><div class=\"vc_column-inner vc_custom_1538164362498\"><div class=\"wpb_wrapper\">\n<div class=\"graph_titre center\">\n    <h2 style=\"color:#4cabe9\">Services<\/h2><\/div><\/div><\/div><\/div><\/div><div class=\"vc_row-full-width vc_clearfix\"><\/div><div data-vc-full-width=\"true\" data-vc-full-width-init=\"false\" data-vc-stretch-content=\"true\" class=\"vc_row wpb_row vc_row-fluid vc_row-no-padding\"><div class=\"wpb_column vc_column_container vc_col-sm-12\"><div class=\"vc_column-inner vc_custom_1538164216085\"><div class=\"wpb_wrapper\"><div class=\"vc_row wpb_row vc_inner vc_row-fluid vc_row-o-equal-height vc_row-flex\"><div class=\"wpb_column vc_column_container vc_col-sm-4\" id=\"service_tv\"><div class=\"vc_column-inner vc_custom_1538168197130\"><div class=\"wpb_wrapper\">\n<div class=\"graph_titre left vc_custom_1538167565846\">\n    <h3 style=\"color:#ffffff\">T\u00e9l\u00e9vision<\/h3><\/div>\n\t<div class=\"wpb_text_column wpb_content_element vc_custom_1538167606393\" >\n\t\t<div class=\"wpb_wrapper\">\n\t\t\t<p>En 2009 nous ajoutons le service de T\u00e9l\u00e9vision num\u00e9rique qui permet, au moyen d&rsquo;un terminal num\u00e9rique de visionner vos \u00e9missions avec une qualit\u00e9 de son et d&rsquo;image exceptionnelle.<\/p>\n\n\t\t<\/div>\n\t<\/div>\n\n    <div class=\"graph_cta left vc_custom_1540819482793\">\n        <a href=\"https:\/\/www.interplex.ca\/residentiel\/services\/television\/\">Voir le service<\/a>    <\/div><\/div><\/div><\/div><div class=\"wpb_column vc_column_container vc_col-sm-4\" id=\"service_internet\"><div class=\"vc_column-inner vc_custom_1538168201808\"><div class=\"wpb_wrapper\">\n<div class=\"graph_titre left vc_custom_1538168171985\">\n    <h3 style=\"color:#ffffff\">Internet<\/h3><\/div>\n\t<div class=\"wpb_text_column wpb_content_element vc_custom_1538168218163\" >\n\t\t<div class=\"wpb_wrapper\">\n\t\t\t<p>Depuis 2001, nous offrons les connexions \u00e0 Internet par notre r\u00e9seau de fibre optique qui relie plusieurs b\u00e2tisses. Les appartements sont ensuite reli\u00e9s \u00e0 la fibre par un c\u00e2ble r\u00e9seau. Ceci fait en sorte que le d\u00e9lai d&rsquo;attente soit minime lors de vos requ\u00eates sur Internet.<\/p>\n\n\t\t<\/div>\n\t<\/div>\n\n    <div class=\"graph_cta left vc_custom_1540819497882\">\n        <a href=\"https:\/\/www.interplex.ca\/residentiel\/services\/internet\/\">Voir le service<\/a>    <\/div><\/div><\/div><\/div><div class=\"wpb_column vc_column_container vc_col-sm-4\" id=\"service_telephone\"><div class=\"vc_column-inner vc_custom_1538168207295\"><div class=\"wpb_wrapper\">\n<div class=\"graph_titre left vc_custom_1538168178056\">\n    <h3 style=\"color:#ffffff\">T\u00e9l\u00e9phone<\/h3><\/div>\n\t<div class=\"wpb_text_column wpb_content_element vc_custom_1538168227718\" >\n\t\t<div class=\"wpb_wrapper\">\n\t\t\t<p>Depuis 2005, nous avons ajout\u00e9 le service t\u00e9l\u00e9phonique d&rsquo;Interplex. Nos services t\u00e9l\u00e9phoniques sont en tout point comparables \u00e0 ceux de Bell Canada, mais \u00e0 co\u00fbts moindres.<\/p>\n\n\t\t<\/div>\n\t<\/div>\n\n    <div class=\"graph_cta left vc_custom_1540819504994\">\n        <a href=\"https:\/\/www.interplex.ca\/residentiel\/services\/telephone\/\">Voir le service<\/a>    <\/div><\/div><\/div><\/div><\/div><\/div><\/div><\/div><\/div><div class=\"vc_row-full-width vc_clearfix\"><\/div><div id=\"section_contact\" data-vc-full-width=\"true\" data-vc-full-width-init=\"false\" class=\"vc_row wpb_row vc_row-fluid vc_custom_1539963001285 vc_row-has-fill\"><div class=\"wpb_column vc_column_container vc_col-sm-4\"><div class=\"vc_column-inner vc_custom_1538062229915\"><div class=\"wpb_wrapper\">\n<div class=\"graph_titre left vc_custom_1538066599842\">\n    <h2 style=\"color:#4cabe9\">Contact<\/h2><\/div>\n\t<div class=\"wpb_text_column wpb_content_element alt_text_color\" >\n\t\t<div class=\"wpb_wrapper\">\n\t\t\t<p>Nous sommes \u00e0 votre \u00e9coute pour toutes informations ou assistance technique.<\/p>\n\n\t\t<\/div>\n\t<\/div>\n\n    <div class=\"graph_cta left vc_custom_1753389924783\">\n        <a href=\"https:\/\/forms.office.com\/r\/awg0kApcQ8\">Contactez-nous<\/a>    <\/div><\/div><\/div><\/div><div class=\"wpb_column vc_column_container vc_col-sm-8\"><div class=\"vc_column-inner vc_custom_1538075415314\"><div class=\"wpb_wrapper\"><div class=\"vc_row wpb_row vc_inner vc_row-fluid\"><div class=\"wpb_column vc_column_container vc_col-sm-6\"><div class=\"vc_column-inner\"><div class=\"wpb_wrapper\">\n<div class=\"graph_icon_info light\">\n            <i class=\"fal fa-map-marker-alt\"><\/i>\n            <p>Interplex T\u00e9l\u00e9com Inc<br \/>\n155, Grande All\u00e9e Est B-100<br \/>\nQu\u00e9bec (QC) G1R 0C6<\/p>\n<\/div>\n\n<\/div><\/div><\/div><div class=\"wpb_column vc_column_container vc_col-sm-6\"><div class=\"vc_column-inner\"><div class=\"wpb_wrapper\">\n<div class=\"graph_icon_info light\">\n            <i class=\"fal fa-phone\"><\/i>\n            <p>418 780-3080<\/p>\n<\/div>\n\n<div class=\"vc_empty_space\"   style=\"height: 10px\"><span class=\"vc_empty_space_inner\"><\/span><\/div><\/div><\/div><\/div><\/div><div class=\"vc_row wpb_row vc_inner vc_row-fluid type_contact vc_custom_1538062267867\"><div class=\"wpb_column vc_column_container vc_col-sm-6 vc_col-has-fill\"><div class=\"vc_column-inner vc_custom_1538061843566\"><div class=\"wpb_wrapper\">\n<div class=\"graph_titre left vc_custom_1538060827636\">\n    <h4 style=\"color:#ffffff\">Assistance technique<\/h4><\/div>\n<div class=\"graph_icon_info light\">\n            <i class=\"fal fa-at\"><\/i>\n            <p><a href=\"mailto:support@interplex.ca\">support@interplex.ca<\/a><\/p>\n<\/div>\n\n<\/div><\/div><\/div><div class=\"wpb_column vc_column_container vc_col-sm-6 vc_col-has-fill\"><div class=\"vc_column-inner vc_custom_1538061848715\"><div class=\"wpb_wrapper\">\n<div class=\"graph_titre left vc_custom_1538060838578\">\n    <h4 style=\"color:#ffffff\">Demande d'informations<\/h4><\/div>\n<div class=\"graph_icon_info light\">\n            <i class=\"fal fa-at\"><\/i>\n            <p><a href=\"mailto:vente@interplex.ca\">vente@interplex.ca<\/a><\/p>\n<\/div>\n\n<\/div><\/div><\/div><\/div><\/div><\/div><\/div><\/div><div class=\"vc_row-full-width vc_clearfix\"><\/div>\n<\/div>","protected":false},"excerpt":{"rendered":"\u00c0 propos Interplex Interplex T\u00e9l\u00e9com est une compagnie sp\u00e9cialis\u00e9e dans le service de communication aux appartements de grands parcs immobiliers. La mission de l'entreprise est de cr\u00e9er et offrir des produits et services de communication et de divertissement simples pour agr\u00e9menter la vie des r\u00e9sidents du march\u00e9 multi-r\u00e9sidentiel. Services T\u00e9l\u00e9vision En 2009 nous ajoutons le [...]","protected":false},"author":1,"featured_media":347,"parent":0,"menu_order":0,"comment_status":"closed","ping_status":"open","template":"","meta":{"footnotes":""},"class_list":["post-120","page","type-page","status-publish","has-post-thumbnail","hentry"],"_links":{"self":[{"href":"https:\/\/www.interplex.ca\/residentiel\/wp-json\/wp\/v2\/pages\/120","targetHints":{"allow":["GET"]}}],"collection":[{"href":"https:\/\/www.interplex.ca\/residentiel\/wp-json\/wp\/v2\/pages"}],"about":[{"href":"https:\/\/www.interplex.ca\/residentiel\/wp-json\/wp\/v2\/types\/page"}],"author":[{"embeddable":true,"href":"https:\/\/www.interplex.ca\/residentiel\/wp-json\/wp\/v2\/users\/1"}],"replies":[{"embeddable":true,"href":"https:\/\/www.interplex.ca\/residentiel\/wp-json\/wp\/v2\/comments?post=120"}],"version-history":[{"count":61,"href":"https:\/\/www.interplex.ca\/residentiel\/wp-json\/wp\/v2\/pages\/120\/revisions"}],"predecessor-version":[{"id":593,"href":"https:\/\/www.interplex.ca\/residentiel\/wp-json\/wp\/v2\/pages\/120\/revisions\/593"}],"wp:featuredmedia":[{"embeddable":true,"href":"https:\/\/www.interplex.ca\/residentiel\/wp-json\/wp\/v2\/media\/347"}],"wp:attachment":[{"href":"https:\/\/www.interplex.ca\/residentiel\/wp-json\/wp\/v2\/media?parent=120"}],"curies":[{"name":"wp","href":"https:\/\/api.w.org\/{rel}","templated":true}]}}